{"id":59,"date":"2017-05-24T23:31:50","date_gmt":"2017-05-24T23:31:50","guid":{"rendered":"http:\/\/import.themovation.com\/embark\/walking-tours\/?page_id=73"},"modified":"2021-03-17T17:41:35","modified_gmt":"2021-03-17T17:41:35","slug":"gallery","status":"publish","type":"page","link":"https:\/\/sanjosewalking.com\/es\/gallery\/","title":{"rendered":"Fotos"},"content":{"rendered":"<div data-elementor-type=\"wp-post\" data-elementor-id=\"59\" class=\"elementor elementor-59\">\n\t\t\t\t\t\t<div class=\"elementor-inner\">\n\t\t\t\t<div class=\"elementor-section-wrap\">\n\t\t\t\t\t\t\t\t\t<section class=\"elementor-section elementor-top-section elementor-element elementor-element-pqxxyki elementor-section-height-min-height elementor-section-boxed elementor-section-height-default elementor-section-items-middle\" data-id=\"pqxxyki\" data-element_type=\"section\" data-settings=\"{&quot;background_background&quot;:&quot;classic&quot;}\">\n\t\t\t\t\t\t\t<div class=\"elementor-background-overlay\"><\/div>\n\t\t\t\t\t\t\t<div class=\"elementor-container elementor-column-gap-default\">\n\t\t\t\t\t\t\t<div class=\"elementor-row\">\n\t\t\t\t\t<div class=\"elementor-column elementor-col-100 elementor-top-column elementor-element elementor-element-hqlbopu\" data-id=\"hqlbopu\" data-element_type=\"column\">\n\t\t\t<div class=\"elementor-column-wrap elementor-element-populated\">\n\t\t\t\t\t\t\t<div class=\"elementor-widget-wrap\">\n\t\t\t\t\t\t<div class=\"elementor-element elementor-element-owmuydt elementor-widget elementor-widget-spacer\" data-id=\"owmuydt\" data-element_type=\"widget\" data-widget_type=\"spacer.default\">\n\t\t\t\t<div class=\"elementor-widget-container\">\n\t\t\t\t\t<div class=\"elementor-spacer\">\n\t\t\t<div class=\"elementor-spacer-inner\"><\/div>\n\t\t<\/div>\n\t\t\t\t<\/div>\n\t\t\t\t<\/div>\n\t\t\t\t<div class=\"elementor-element elementor-element-ynvmafk elementor-view-default elementor-position-top elementor-widget elementor-widget-themo-header\" data-id=\"ynvmafk\" data-element_type=\"widget\" data-widget_type=\"themo-header.default\">\n\t\t\t\t<div class=\"elementor-widget-container\">\n\t\t\t\t\t<div class=\"th-header-wrap\">\n        <div class=\"elementor-icon-box-wrapper\">\n                            <div class=\"elementor-icon-box-content\">\n                    <h1 class=\"elementor-icon-box-title\">\n                        GALER\u00cdA                    <\/h1>\n                                        <p class=\"elementor-icon-box-description\">Ven\u00ed y unite a nosotros para ver por qu\u00e9 ellos est\u00e1n sonriendo! :)<\/p>\n\n                                    <\/div>\n            <\/div>\n\n        <\/div>\n\n\t\t\t\t<\/div>\n\t\t\t\t<\/div>\n\t\t\t\t\t\t<\/div>\n\t\t\t\t\t<\/div>\n\t\t<\/div>\n\t\t\t\t\t\t\t\t<\/div>\n\t\t\t\t\t<\/div>\n\t\t<\/section>\n\t\t\t\t<section class=\"elementor-section elementor-top-section elementor-element elementor-element-ywlcmza elementor-section-boxed elementor-section-height-default elementor-section-height-default\" data-id=\"ywlcmza\" data-element_type=\"section\" data-settings=\"{&quot;background_background&quot;:&quot;classic&quot;}\">\n\t\t\t\t\t\t<div class=\"elementor-container elementor-column-gap-wide\">\n\t\t\t\t\t\t\t<div class=\"elementor-row\">\n\t\t\t\t\t<div class=\"elementor-column elementor-col-33 elementor-top-column elementor-element elementor-element-uszhtdl\" data-id=\"uszhtdl\" data-element_type=\"column\">\n\t\t\t<div class=\"elementor-column-wrap\">\n\t\t\t\t\t\t\t<div class=\"elementor-widget-wrap\">\n\t\t\t\t\t\t\t\t<\/div>\n\t\t\t\t\t<\/div>\n\t\t<\/div>\n\t\t\t\t<div class=\"elementor-column elementor-col-33 elementor-top-column elementor-element elementor-element-ckuzbgn\" data-id=\"ckuzbgn\" data-element_type=\"column\">\n\t\t\t<div class=\"elementor-column-wrap\">\n\t\t\t\t\t\t\t<div class=\"elementor-widget-wrap\">\n\t\t\t\t\t\t\t\t<\/div>\n\t\t\t\t\t<\/div>\n\t\t<\/div>\n\t\t\t\t<div class=\"elementor-column elementor-col-33 elementor-top-column elementor-element elementor-element-hthqzkg\" data-id=\"hthqzkg\" data-element_type=\"column\">\n\t\t\t<div class=\"elementor-column-wrap\">\n\t\t\t\t\t\t\t<div class=\"elementor-widget-wrap\">\n\t\t\t\t\t\t\t\t<\/div>\n\t\t\t\t\t<\/div>\n\t\t<\/div>\n\t\t\t\t\t\t\t\t<\/div>\n\t\t\t\t\t<\/div>\n\t\t<\/section>\n\t\t\t\t<section class=\"elementor-section elementor-top-section elementor-element elementor-element-xpgptam elementor-section-full_width elementor-section-height-default elementor-section-height-default\" data-id=\"xpgptam\" data-element_type=\"section\" data-settings=\"{&quot;background_background&quot;:&quot;classic&quot;}\">\n\t\t\t\t\t\t<div class=\"elementor-container elementor-column-gap-default\">\n\t\t\t\t\t\t\t<div class=\"elementor-row\">\n\t\t\t\t\t<div class=\"elementor-column elementor-col-100 elementor-top-column elementor-element elementor-element-bioyyom\" data-id=\"bioyyom\" data-element_type=\"column\">\n\t\t\t<div class=\"elementor-column-wrap elementor-element-populated\">\n\t\t\t\t\t\t\t<div class=\"elementor-widget-wrap\">\n\t\t\t\t\t\t<div class=\"elementor-element elementor-element-cazlzkh elementor-widget elementor-widget-themo-image-gallery\" data-id=\"cazlzkh\" data-element_type=\"widget\" data-widget_type=\"themo-image-gallery.default\">\n\t\t\t\t<div class=\"elementor-widget-container\">\n\t\t\t\t\t<div class=\"elementor-image-gallery th-image-stretch\">\n\t\t\t<div class=\"gallery gallery-59-1\"><div class=\"row gallery-row\"><div class=\"col-sm-3 col-lg-3\"><a data-toggle=\"lightbox\" data-gallery=\"multiimages\" data-title=\"\"  class=\"thumbnail img-thumbnail\" href='https:\/\/sanjosewalking.com\/wp-content\/uploads\/2021\/03\/PHOTO-2018-11-13-18-08-22-1240x930.jpg'><img loading=\"lazy\" decoding=\"async\" width=\"605\" height=\"465\" src=\"https:\/\/sanjosewalking.com\/wp-content\/uploads\/2021\/03\/PHOTO-2018-11-13-18-08-22-605x465.jpg\" class=\"attachment-th_img_md_landscape size-th_img_md_landscape\" alt=\"\" srcset=\"https:\/\/sanjosewalking.com\/wp-content\/uploads\/2021\/03\/PHOTO-2018-11-13-18-08-22-605x465.jpg 605w, https:\/\/sanjosewalking.com\/wp-content\/uploads\/2021\/03\/PHOTO-2018-11-13-18-08-22-93x70.jpg 93w, https:\/\/sanjosewalking.com\/wp-content\/uploads\/2021\/03\/PHOTO-2018-11-13-18-08-22-394x303.jpg 394w\" sizes=\"auto, (max-width: 605px) 100vw, 605px\" \/><\/a><div class=\"gallery-text\"><div class=\"image-title\">PHOTO-2018-11-13-18-08-22<\/div><\/div><\/div><div class=\"col-sm-3 col-lg-3\"><a data-toggle=\"lightbox\" data-gallery=\"multiimages\" data-title=\"\"  class=\"thumbnail img-thumbnail\" href='https:\/\/sanjosewalking.com\/wp-content\/uploads\/2021\/03\/Screen-Shot-2021-03-10-at-10.29.21-AM-1.png'><img loading=\"lazy\" decoding=\"async\" width=\"605\" height=\"465\" src=\"https:\/\/sanjosewalking.com\/wp-content\/uploads\/2021\/03\/Screen-Shot-2021-03-10-at-10.29.21-AM-1-605x465.png\" class=\"attachment-th_img_md_landscape size-th_img_md_landscape\" alt=\"\" srcset=\"https:\/\/sanjosewalking.com\/wp-content\/uploads\/2021\/03\/Screen-Shot-2021-03-10-at-10.29.21-AM-1-605x465.png 605w, https:\/\/sanjosewalking.com\/wp-content\/uploads\/2021\/03\/Screen-Shot-2021-03-10-at-10.29.21-AM-1-93x70.png 93w, https:\/\/sanjosewalking.com\/wp-content\/uploads\/2021\/03\/Screen-Shot-2021-03-10-at-10.29.21-AM-1-394x303.png 394w\" sizes=\"auto, (max-width: 605px) 100vw, 605px\" \/><\/a><div class=\"gallery-text\"><div class=\"image-title\">Screen Shot 2021-03-10 at 10.29.21 AM<\/div><\/div><\/div><div class=\"col-sm-3 col-lg-3\"><a data-toggle=\"lightbox\" data-gallery=\"multiimages\" data-title=\"\"  class=\"thumbnail img-thumbnail\" href='https:\/\/sanjosewalking.com\/wp-content\/uploads\/2017\/09\/6655c780-24c4-47e4-b0e0-8a528d0079e1.jpg'><img loading=\"lazy\" decoding=\"async\" width=\"605\" height=\"465\" src=\"https:\/\/sanjosewalking.com\/wp-content\/uploads\/2017\/09\/6655c780-24c4-47e4-b0e0-8a528d0079e1-605x465.jpg\" class=\"attachment-th_img_md_landscape size-th_img_md_landscape\" alt=\"\" srcset=\"https:\/\/sanjosewalking.com\/wp-content\/uploads\/2017\/09\/6655c780-24c4-47e4-b0e0-8a528d0079e1-605x465.jpg 605w, https:\/\/sanjosewalking.com\/wp-content\/uploads\/2017\/09\/6655c780-24c4-47e4-b0e0-8a528d0079e1-81x61.jpg 81w, https:\/\/sanjosewalking.com\/wp-content\/uploads\/2017\/09\/6655c780-24c4-47e4-b0e0-8a528d0079e1-394x303.jpg 394w\" sizes=\"auto, (max-width: 605px) 100vw, 605px\" \/><\/a><div class=\"gallery-text\"><div class=\"image-title\">6655c780-24c4-47e4-b0e0-8a528d0079e1<\/div><\/div><\/div><div class=\"col-sm-3 col-lg-3\"><a data-toggle=\"lightbox\" data-gallery=\"multiimages\" data-title=\"\"  class=\"thumbnail img-thumbnail\" href='https:\/\/sanjosewalking.com\/wp-content\/uploads\/2019\/10\/PHOTO-2019-02-07-15-22-18-1240x930.jpg'><img loading=\"lazy\" decoding=\"async\" width=\"605\" height=\"465\" src=\"https:\/\/sanjosewalking.com\/wp-content\/uploads\/2019\/10\/PHOTO-2019-02-07-15-22-18-605x465.jpg\" class=\"attachment-th_img_md_landscape size-th_img_md_landscape\" alt=\"\" srcset=\"https:\/\/sanjosewalking.com\/wp-content\/uploads\/2019\/10\/PHOTO-2019-02-07-15-22-18-605x465.jpg 605w, https:\/\/sanjosewalking.com\/wp-content\/uploads\/2019\/10\/PHOTO-2019-02-07-15-22-18-93x70.jpg 93w, https:\/\/sanjosewalking.com\/wp-content\/uploads\/2019\/10\/PHOTO-2019-02-07-15-22-18-394x303.jpg 394w\" sizes=\"auto, (max-width: 605px) 100vw, 605px\" \/><\/a><div class=\"gallery-text\"><div class=\"image-title\">PHOTO-2019-02-07-15-22-18<\/div><\/div><\/div><\/div><div class=\"row gallery-row\"><div class=\"col-sm-3 col-lg-3\"><a data-toggle=\"lightbox\" data-gallery=\"multiimages\" data-title=\"\"  class=\"thumbnail img-thumbnail\" href='https:\/\/sanjosewalking.com\/wp-content\/uploads\/2017\/09\/Screen-Shot-2020-05-06-at-8.56.39-PM.png'><img loading=\"lazy\" decoding=\"async\" width=\"605\" height=\"465\" src=\"https:\/\/sanjosewalking.com\/wp-content\/uploads\/2017\/09\/Screen-Shot-2020-05-06-at-8.56.39-PM-605x465.png\" class=\"attachment-th_img_md_landscape size-th_img_md_landscape\" alt=\"\" srcset=\"https:\/\/sanjosewalking.com\/wp-content\/uploads\/2017\/09\/Screen-Shot-2020-05-06-at-8.56.39-PM-605x465.png 605w, https:\/\/sanjosewalking.com\/wp-content\/uploads\/2017\/09\/Screen-Shot-2020-05-06-at-8.56.39-PM-81x61.png 81w, https:\/\/sanjosewalking.com\/wp-content\/uploads\/2017\/09\/Screen-Shot-2020-05-06-at-8.56.39-PM-394x303.png 394w\" sizes=\"auto, (max-width: 605px) 100vw, 605px\" \/><\/a><div class=\"gallery-text\"><div class=\"image-title\">Screen Shot 2020-05-06 at 8.56.39 PM<\/div><\/div><\/div><div class=\"col-sm-3 col-lg-3\"><a data-toggle=\"lightbox\" data-gallery=\"multiimages\" data-title=\"\"  class=\"thumbnail img-thumbnail\" href='https:\/\/sanjosewalking.com\/wp-content\/uploads\/2021\/03\/PHOTO-2018-11-13-10-33-31-1240x930.jpg'><img loading=\"lazy\" decoding=\"async\" width=\"605\" height=\"465\" src=\"https:\/\/sanjosewalking.com\/wp-content\/uploads\/2021\/03\/PHOTO-2018-11-13-10-33-31-605x465.jpg\" class=\"attachment-th_img_md_landscape size-th_img_md_landscape\" alt=\"\" srcset=\"https:\/\/sanjosewalking.com\/wp-content\/uploads\/2021\/03\/PHOTO-2018-11-13-10-33-31-605x465.jpg 605w, https:\/\/sanjosewalking.com\/wp-content\/uploads\/2021\/03\/PHOTO-2018-11-13-10-33-31-93x70.jpg 93w, https:\/\/sanjosewalking.com\/wp-content\/uploads\/2021\/03\/PHOTO-2018-11-13-10-33-31-394x303.jpg 394w\" sizes=\"auto, (max-width: 605px) 100vw, 605px\" \/><\/a><div class=\"gallery-text\"><div class=\"image-title\">PHOTO-2018-11-13-10-33-31<\/div><\/div><\/div><div class=\"col-sm-3 col-lg-3\"><a data-toggle=\"lightbox\" data-gallery=\"multiimages\" data-title=\"\"  class=\"thumbnail img-thumbnail\" href='https:\/\/sanjosewalking.com\/wp-content\/uploads\/2019\/10\/PHOTO-2019-02-16-13-25-29.jpg'><img loading=\"lazy\" decoding=\"async\" width=\"605\" height=\"465\" src=\"https:\/\/sanjosewalking.com\/wp-content\/uploads\/2019\/10\/PHOTO-2019-02-16-13-25-29-605x465.jpg\" class=\"attachment-th_img_md_landscape size-th_img_md_landscape\" alt=\"\" srcset=\"https:\/\/sanjosewalking.com\/wp-content\/uploads\/2019\/10\/PHOTO-2019-02-16-13-25-29-605x465.jpg 605w, https:\/\/sanjosewalking.com\/wp-content\/uploads\/2019\/10\/PHOTO-2019-02-16-13-25-29-93x70.jpg 93w, https:\/\/sanjosewalking.com\/wp-content\/uploads\/2019\/10\/PHOTO-2019-02-16-13-25-29-394x303.jpg 394w\" sizes=\"auto, (max-width: 605px) 100vw, 605px\" \/><\/a><div class=\"gallery-text\"><div class=\"image-title\">PHOTO-2019-02-16-13-25-29<\/div><\/div><\/div><div class=\"col-sm-3 col-lg-3\"><a data-toggle=\"lightbox\" data-gallery=\"multiimages\" data-title=\"\"  class=\"thumbnail img-thumbnail\" href='https:\/\/sanjosewalking.com\/wp-content\/uploads\/2021\/03\/PHOTO-2019-01-16-12-15-15-1240x930.jpg'><img loading=\"lazy\" decoding=\"async\" width=\"605\" height=\"465\" src=\"https:\/\/sanjosewalking.com\/wp-content\/uploads\/2021\/03\/PHOTO-2019-01-16-12-15-15-605x465.jpg\" class=\"attachment-th_img_md_landscape size-th_img_md_landscape\" alt=\"\" srcset=\"https:\/\/sanjosewalking.com\/wp-content\/uploads\/2021\/03\/PHOTO-2019-01-16-12-15-15-605x465.jpg 605w, https:\/\/sanjosewalking.com\/wp-content\/uploads\/2021\/03\/PHOTO-2019-01-16-12-15-15-93x70.jpg 93w, https:\/\/sanjosewalking.com\/wp-content\/uploads\/2021\/03\/PHOTO-2019-01-16-12-15-15-394x303.jpg 394w\" sizes=\"auto, (max-width: 605px) 100vw, 605px\" \/><\/a><div class=\"gallery-text\"><div class=\"image-title\">PHOTO-2019-01-16-12-15-15<\/div><\/div><\/div><\/div><div class=\"row gallery-row\"><div class=\"col-sm-3 col-lg-3\"><a data-toggle=\"lightbox\" data-gallery=\"multiimages\" data-title=\"\"  class=\"thumbnail img-thumbnail\" href='https:\/\/sanjosewalking.com\/wp-content\/uploads\/2019\/10\/PHOTO-2019-05-07-11-48-50-1240x930.jpg'><img loading=\"lazy\" decoding=\"async\" width=\"605\" height=\"465\" src=\"https:\/\/sanjosewalking.com\/wp-content\/uploads\/2019\/10\/PHOTO-2019-05-07-11-48-50-605x465.jpg\" class=\"attachment-th_img_md_landscape size-th_img_md_landscape\" alt=\"\" srcset=\"https:\/\/sanjosewalking.com\/wp-content\/uploads\/2019\/10\/PHOTO-2019-05-07-11-48-50-605x465.jpg 605w, https:\/\/sanjosewalking.com\/wp-content\/uploads\/2019\/10\/PHOTO-2019-05-07-11-48-50-93x70.jpg 93w, https:\/\/sanjosewalking.com\/wp-content\/uploads\/2019\/10\/PHOTO-2019-05-07-11-48-50-394x303.jpg 394w\" sizes=\"auto, (max-width: 605px) 100vw, 605px\" \/><\/a><div class=\"gallery-text\"><div class=\"image-title\">PHOTO-2019-05-07-11-48-50<\/div><\/div><\/div><div class=\"col-sm-3 col-lg-3\"><a data-toggle=\"lightbox\" data-gallery=\"multiimages\" data-title=\"\"  class=\"thumbnail img-thumbnail\" href='https:\/\/sanjosewalking.com\/wp-content\/uploads\/2021\/03\/PHOTO-2019-07-30-13-02-02-1240x930.jpg'><img loading=\"lazy\" decoding=\"async\" width=\"605\" height=\"465\" src=\"https:\/\/sanjosewalking.com\/wp-content\/uploads\/2021\/03\/PHOTO-2019-07-30-13-02-02-605x465.jpg\" class=\"attachment-th_img_md_landscape size-th_img_md_landscape\" alt=\"\" srcset=\"https:\/\/sanjosewalking.com\/wp-content\/uploads\/2021\/03\/PHOTO-2019-07-30-13-02-02-605x465.jpg 605w, https:\/\/sanjosewalking.com\/wp-content\/uploads\/2021\/03\/PHOTO-2019-07-30-13-02-02-93x70.jpg 93w, https:\/\/sanjosewalking.com\/wp-content\/uploads\/2021\/03\/PHOTO-2019-07-30-13-02-02-394x303.jpg 394w\" sizes=\"auto, (max-width: 605px) 100vw, 605px\" \/><\/a><div class=\"gallery-text\"><div class=\"image-title\">PHOTO-2019-07-30-13-02-02<\/div><\/div><\/div><div class=\"col-sm-3 col-lg-3\"><a data-toggle=\"lightbox\" data-gallery=\"multiimages\" data-title=\"\"  class=\"thumbnail img-thumbnail\" href='https:\/\/sanjosewalking.com\/wp-content\/uploads\/2019\/10\/PHOTO-2019-12-22-12-31-49.jpg'><img loading=\"lazy\" decoding=\"async\" width=\"605\" height=\"465\" src=\"https:\/\/sanjosewalking.com\/wp-content\/uploads\/2019\/10\/PHOTO-2019-12-22-12-31-49-605x465.jpg\" class=\"attachment-th_img_md_landscape size-th_img_md_landscape\" alt=\"\" srcset=\"https:\/\/sanjosewalking.com\/wp-content\/uploads\/2019\/10\/PHOTO-2019-12-22-12-31-49-605x465.jpg 605w, https:\/\/sanjosewalking.com\/wp-content\/uploads\/2019\/10\/PHOTO-2019-12-22-12-31-49-93x70.jpg 93w, https:\/\/sanjosewalking.com\/wp-content\/uploads\/2019\/10\/PHOTO-2019-12-22-12-31-49-394x303.jpg 394w\" sizes=\"auto, (max-width: 605px) 100vw, 605px\" \/><\/a><div class=\"gallery-text\"><div class=\"image-title\">PHOTO-2019-12-22-12-31-49<\/div><\/div><\/div><div class=\"col-sm-3 col-lg-3\"><a data-toggle=\"lightbox\" data-gallery=\"multiimages\" data-title=\"\"  class=\"thumbnail img-thumbnail\" href='https:\/\/sanjosewalking.com\/wp-content\/uploads\/2021\/03\/PHOTO-2020-01-04-13-58-30-1240x931.jpg'><img loading=\"lazy\" decoding=\"async\" width=\"605\" height=\"465\" src=\"https:\/\/sanjosewalking.com\/wp-content\/uploads\/2021\/03\/PHOTO-2020-01-04-13-58-30-605x465.jpg\" class=\"attachment-th_img_md_landscape size-th_img_md_landscape\" alt=\"\" srcset=\"https:\/\/sanjosewalking.com\/wp-content\/uploads\/2021\/03\/PHOTO-2020-01-04-13-58-30-605x465.jpg 605w, https:\/\/sanjosewalking.com\/wp-content\/uploads\/2021\/03\/PHOTO-2020-01-04-13-58-30-93x70.jpg 93w, https:\/\/sanjosewalking.com\/wp-content\/uploads\/2021\/03\/PHOTO-2020-01-04-13-58-30-394x303.jpg 394w\" sizes=\"auto, (max-width: 605px) 100vw, 605px\" \/><\/a><div class=\"gallery-text\"><div class=\"image-title\">PHOTO-2020-01-04-13-58-30<\/div><\/div><\/div><\/div><div class=\"row gallery-row\"><div class=\"col-sm-3 col-lg-3\"><a data-toggle=\"lightbox\" data-gallery=\"multiimages\" data-title=\"\"  class=\"thumbnail img-thumbnail\" href='https:\/\/sanjosewalking.com\/wp-content\/uploads\/2021\/03\/PHOTO-2020-01-08-11-48-39-1240x930.jpg'><img loading=\"lazy\" decoding=\"async\" width=\"605\" height=\"465\" src=\"https:\/\/sanjosewalking.com\/wp-content\/uploads\/2021\/03\/PHOTO-2020-01-08-11-48-39-605x465.jpg\" class=\"attachment-th_img_md_landscape size-th_img_md_landscape\" alt=\"\" srcset=\"https:\/\/sanjosewalking.com\/wp-content\/uploads\/2021\/03\/PHOTO-2020-01-08-11-48-39-605x465.jpg 605w, https:\/\/sanjosewalking.com\/wp-content\/uploads\/2021\/03\/PHOTO-2020-01-08-11-48-39-93x70.jpg 93w, https:\/\/sanjosewalking.com\/wp-content\/uploads\/2021\/03\/PHOTO-2020-01-08-11-48-39-394x303.jpg 394w\" sizes=\"auto, (max-width: 605px) 100vw, 605px\" \/><\/a><div class=\"gallery-text\"><div class=\"image-title\">PHOTO-2020-01-08-11-48-39<\/div><\/div><\/div><div class=\"col-sm-3 col-lg-3\"><a data-toggle=\"lightbox\" data-gallery=\"multiimages\" data-title=\"\"  class=\"thumbnail img-thumbnail\" href='https:\/\/sanjosewalking.com\/wp-content\/uploads\/2021\/03\/PHOTO-2020-03-01-13-15-54-1240x930.jpg'><img loading=\"lazy\" decoding=\"async\" width=\"605\" height=\"465\" src=\"https:\/\/sanjosewalking.com\/wp-content\/uploads\/2021\/03\/PHOTO-2020-03-01-13-15-54-605x465.jpg\" class=\"attachment-th_img_md_landscape size-th_img_md_landscape\" alt=\"\" srcset=\"https:\/\/sanjosewalking.com\/wp-content\/uploads\/2021\/03\/PHOTO-2020-03-01-13-15-54-605x465.jpg 605w, https:\/\/sanjosewalking.com\/wp-content\/uploads\/2021\/03\/PHOTO-2020-03-01-13-15-54-93x70.jpg 93w, https:\/\/sanjosewalking.com\/wp-content\/uploads\/2021\/03\/PHOTO-2020-03-01-13-15-54-394x303.jpg 394w\" sizes=\"auto, (max-width: 605px) 100vw, 605px\" \/><\/a><div class=\"gallery-text\"><div class=\"image-title\">PHOTO-2020-03-01-13-15-54<\/div><\/div><\/div><div class=\"col-sm-3 col-lg-3\"><a data-toggle=\"lightbox\" data-gallery=\"multiimages\" data-title=\"\"  class=\"thumbnail img-thumbnail\" href='https:\/\/sanjosewalking.com\/wp-content\/uploads\/2021\/03\/PHOTO-2020-01-13-11-51-24-1240x930.jpg'><img loading=\"lazy\" decoding=\"async\" width=\"605\" height=\"465\" src=\"https:\/\/sanjosewalking.com\/wp-content\/uploads\/2021\/03\/PHOTO-2020-01-13-11-51-24-605x465.jpg\" class=\"attachment-th_img_md_landscape size-th_img_md_landscape\" alt=\"\" srcset=\"https:\/\/sanjosewalking.com\/wp-content\/uploads\/2021\/03\/PHOTO-2020-01-13-11-51-24-605x465.jpg 605w, https:\/\/sanjosewalking.com\/wp-content\/uploads\/2021\/03\/PHOTO-2020-01-13-11-51-24-93x70.jpg 93w, https:\/\/sanjosewalking.com\/wp-content\/uploads\/2021\/03\/PHOTO-2020-01-13-11-51-24-394x303.jpg 394w\" sizes=\"auto, (max-width: 605px) 100vw, 605px\" \/><\/a><div class=\"gallery-text\"><div class=\"image-title\">PHOTO-2020-01-13-11-51-24<\/div><\/div><\/div><div class=\"col-sm-3 col-lg-3\"><a data-toggle=\"lightbox\" data-gallery=\"multiimages\" data-title=\"\"  class=\"thumbnail img-thumbnail\" href='https:\/\/sanjosewalking.com\/wp-content\/uploads\/2021\/03\/PHOTO-2020-03-12-15-36-49-1240x930.jpg'><img loading=\"lazy\" decoding=\"async\" width=\"605\" height=\"465\" src=\"https:\/\/sanjosewalking.com\/wp-content\/uploads\/2021\/03\/PHOTO-2020-03-12-15-36-49-605x465.jpg\" class=\"attachment-th_img_md_landscape size-th_img_md_landscape\" alt=\"\" srcset=\"https:\/\/sanjosewalking.com\/wp-content\/uploads\/2021\/03\/PHOTO-2020-03-12-15-36-49-605x465.jpg 605w, https:\/\/sanjosewalking.com\/wp-content\/uploads\/2021\/03\/PHOTO-2020-03-12-15-36-49-93x70.jpg 93w, https:\/\/sanjosewalking.com\/wp-content\/uploads\/2021\/03\/PHOTO-2020-03-12-15-36-49-394x303.jpg 394w\" sizes=\"auto, (max-width: 605px) 100vw, 605px\" \/><\/a><div class=\"gallery-text\"><div class=\"image-title\">PHOTO-2020-03-12-15-36-49<\/div><\/div><\/div><\/div><\/div>\t\t<\/div>\n\t\t\t\t<\/div>\n\t\t\t\t<\/div>\n\t\t\t\t<div class=\"elementor-element elementor-element-juecnej elementor-widget elementor-widget-spacer\" data-id=\"juecnej\" data-element_type=\"widget\" data-widget_type=\"spacer.default\">\n\t\t\t\t<div class=\"elementor-widget-container\">\n\t\t\t\t\t<div class=\"elementor-spacer\">\n\t\t\t<div class=\"elementor-spacer-inner\"><\/div>\n\t\t<\/div>\n\t\t\t\t<\/div>\n\t\t\t\t<\/div>\n\t\t\t\t\t\t<\/div>\n\t\t\t\t\t<\/div>\n\t\t<\/div>\n\t\t\t\t\t\t\t\t<\/div>\n\t\t\t\t\t<\/div>\n\t\t<\/section>\n\t\t\t\t<section class=\"elementor-section elementor-top-section elementor-element elementor-element-dmwbxvo elementor-section-boxed elementor-section-height-default elementor-section-height-default\" data-id=\"dmwbxvo\" data-element_type=\"section\" data-settings=\"{&quot;background_background&quot;:&quot;classic&quot;}\">\n\t\t\t\t\t\t<div class=\"elementor-container elementor-column-gap-default\">\n\t\t\t\t\t\t\t<div class=\"elementor-row\">\n\t\t\t\t\t<div class=\"elementor-column elementor-col-100 elementor-top-column elementor-element elementor-element-zdqxpzj\" data-id=\"zdqxpzj\" data-element_type=\"column\">\n\t\t\t<div class=\"elementor-column-wrap elementor-element-populated\">\n\t\t\t\t\t\t\t<div class=\"elementor-widget-wrap\">\n\t\t\t\t\t\t<div class=\"elementor-element elementor-element-rlcxwrx elementor-widget elementor-widget-spacer\" data-id=\"rlcxwrx\" data-element_type=\"widget\" data-widget_type=\"spacer.default\">\n\t\t\t\t<div class=\"elementor-widget-container\">\n\t\t\t\t\t<div class=\"elementor-spacer\">\n\t\t\t<div class=\"elementor-spacer-inner\"><\/div>\n\t\t<\/div>\n\t\t\t\t<\/div>\n\t\t\t\t<\/div>\n\t\t\t\t<div class=\"elementor-element elementor-element-kxxozqk elementor-widget elementor-widget-themo-call-to-action\" data-id=\"kxxozqk\" data-element_type=\"widget\" data-widget_type=\"themo-call-to-action.default\">\n\t\t\t\t<div class=\"elementor-widget-container\">\n\t\t\t\t\t<div class=\"th-cta\">\n\t\t\t\t\t        <div class=\"th-cta-text\">\n\t\t            <span>Quer\u00e9s compartir un recuerdo de tu recorrido?<\/span>\n\t\t        <\/div>\n\t\t    \n                        <div class=\"th-cta-btn\">\n\n                                    <a class=\"btn-1 btn th-btn btn-ghost-light\" href=\"#\">\n                                                    ESTAMOS EN INSTAGRAM                                            <\/a>\n                \n                            <\/div>\n            \t\t<\/div>\n\t\t\t\t<\/div>\n\t\t\t\t<\/div>\n\t\t\t\t<div class=\"elementor-element elementor-element-ubatgzy elementor-widget elementor-widget-spacer\" data-id=\"ubatgzy\" data-element_type=\"widget\" data-widget_type=\"spacer.default\">\n\t\t\t\t<div class=\"elementor-widget-container\">\n\t\t\t\t\t<div class=\"elementor-spacer\">\n\t\t\t<div class=\"elementor-spacer-inner\"><\/div>\n\t\t<\/div>\n\t\t\t\t<\/div>\n\t\t\t\t<\/div>\n\t\t\t\t\t\t<\/div>\n\t\t\t\t\t<\/div>\n\t\t<\/div>\n\t\t\t\t\t\t\t\t<\/div>\n\t\t\t\t\t<\/div>\n\t\t<\/section>\n\t\t\t\t\t\t\t\t\t<\/div>\n\t\t\t<\/div>\n\t\t\t\t\t<\/div>","protected":false},"excerpt":{"rendered":"<p>GALLERY Come and join us to check why they are smiling! \ud83d\ude42 PHOTO-2018-11-13-18-08-22Screen Shot 2021-03-10 at 10.29.21 AM6655c780-24c4-47e4-b0e0-8a528d0079e1PHOTO-2019-02-07-15-22-18Screen Shot 2020-05-06 at 8.56.39 PMPHOTO-2018-11-13-10-33-31PHOTO-2019-02-16-13-25-29PHOTO-2019-01-16-12-15-15PHOTO-2019-05-07-11-48-50PHOTO-2019-07-30-13-02-02PHOTO-2019-12-22-12-31-49PHOTO-2020-01-04-13-58-30PHOTO-2020-01-08-11-48-39PHOTO-2020-03-01-13-15-54PHOTO-2020-01-13-11-51-24PHOTO-2020-03-12-15-36-49 Want to share an image from your trip? WE\u2019RE ON INSTAGRAM<\/p>","protected":false},"author":1,"featured_media":0,"parent":0,"menu_order":19,"comment_status":"closed","ping_status":"closed","template":"","meta":{"footnotes":""},"class_list":["post-59","page","type-page","status-publish","hentry"],"_links":{"self":[{"href":"https:\/\/sanjosewalking.com\/es\/wp-json\/wp\/v2\/pages\/59","targetHints":{"allow":["GET"]}}],"collection":[{"href":"https:\/\/sanjosewalking.com\/es\/wp-json\/wp\/v2\/pages"}],"about":[{"href":"https:\/\/sanjosewalking.com\/es\/wp-json\/wp\/v2\/types\/page"}],"author":[{"embeddable":true,"href":"https:\/\/sanjosewalking.com\/es\/wp-json\/wp\/v2\/users\/1"}],"replies":[{"embeddable":true,"href":"https:\/\/sanjosewalking.com\/es\/wp-json\/wp\/v2\/comments?post=59"}],"version-history":[{"count":22,"href":"https:\/\/sanjosewalking.com\/es\/wp-json\/wp\/v2\/pages\/59\/revisions"}],"predecessor-version":[{"id":772,"href":"https:\/\/sanjosewalking.com\/es\/wp-json\/wp\/v2\/pages\/59\/revisions\/772"}],"wp:attachment":[{"href":"https:\/\/sanjosewalking.com\/es\/wp-json\/wp\/v2\/media?parent=59"}],"curies":[{"name":"wp","href":"https:\/\/api.w.org\/{rel}","templated":true}]}}